{"id":22244,"date":"2026-01-29T17:41:05","date_gmt":"2026-01-29T16:41:05","guid":{"rendered":"https:\/\/nuovo.lorenzmarine.com\/product\/airmar-trasduttore-p319\/"},"modified":"2026-01-29T17:41:06","modified_gmt":"2026-01-29T16:41:06","slug":"airmar-trasduttore-p319","status":"publish","type":"product","link":"https:\/\/nuovo.lorenzmarine.com\/en\/product\/airmar-trasduttore-p319\/","title":{"rendered":"AIRMAR Trasduttore P319"},"content":{"rendered":"<p>Il trasduttore Airmar P319 \u00e8 la soluzione entry-level ideale per chi cerca prestazioni affidabili a un prezzo contenuto. Dotato di un elemento ceramico singolo a doppia frequenza 50\/200 kHz, \u00e8 racchiuso in un robusto alloggiamento in plastica a basso profilo. Il design quasi a filo scafo riduce al minimo la resistenza all\u2019acqua, con una sporgenza di soli 5 mm (3\/16&#8243;) oltre lo scafo, ideale per piccole imbarcazioni da pesca e diporto.<\/p>\n<p>Caratteristiche principali:<\/p>\n<p>Frequenza doppia 50\/200 kHz per ottime prestazioni in acque profonde e basse<\/p>\n<p>Design a basso profilo con minima sporgenza esterna<\/p>\n<p>Alloggiamento plastico resistente e leggero<\/p>\n<p>Facile installazione e manutenzione<\/p>\n","protected":false},"excerpt":{"rendered":"<p>I trasduttori AIRMAR\u00ae sono completamente compatibili con gli ecoscandaglio Lorenz delle serie Atom e Magnum, offrendo il massimo delle prestazioni per la navigazione professionale e ricreativa. Grazie a questa compatibilit\u00e0, \u00e8 possibile sfruttare appieno tutte le funzionalit\u00e0 degli ecoscandagli Lorenz per una navigazione precisa e affidabile.<\/p>\n","protected":false},"featured_media":0,"template":"","meta":{"_acf_changed":false},"product_brand":[470],"product_cat":[383,381],"product_tag":[],"class_list":{"0":"post-22244","1":"product","2":"type-product","3":"status-publish","5":"product_brand-airmar","6":"product_cat-accessori","7":"product_cat-trasduttori","8":"pa_frequenza-50-200-khz","9":"pa_installazione-thru-hull-passante","10":"pa_materiale-plastica","11":"pa_potenza-600-watt","13":"first","14":"instock","15":"product-type-simple"},"acf":[],"yoast_head":"<!-- This site is optimized with the Yoast SEO plugin v27.5 - https:\/\/yoast.com\/product\/yoast-seo-wordpress\/ -->\n<title>AIRMAR Trasduttore P319 - Lorenz Marine<\/title>\n<meta name=\"robots\" content=\"noindex, follow, max-snippet:-1, max-image-preview:large, max-video-preview:-1\" \/>\n<meta property=\"og:locale\" content=\"en_US\" \/>\n<meta property=\"og:type\" content=\"article\" \/>\n<meta property=\"og:title\" content=\"AIRMAR Trasduttore P319 - Lorenz Marine\" \/>\n<meta property=\"og:description\" content=\"I trasduttori AIRMAR\u00ae sono completamente compatibili con gli ecoscandaglio Lorenz delle serie Atom e Magnum, offrendo il massimo delle prestazioni per la navigazione professionale e ricreativa. Grazie a questa compatibilit\u00e0, \u00e8 possibile sfruttare appieno tutte le funzionalit\u00e0 degli ecoscandagli Lorenz per una navigazione precisa e affidabile.\" \/>\n<meta property=\"og:url\" content=\"https:\/\/nuovo.lorenzmarine.com\/product\/airmar-trasduttore-p319\/\" \/>\n<meta property=\"og:site_name\" content=\"Lorenz Marine\" \/>\n<meta property=\"article:publisher\" content=\"https:\/\/www.facebook.com\/LorenzMarine\/\" \/>\n<meta property=\"article:modified_time\" content=\"2026-01-29T16:41:06+00:00\" \/>\n<meta name=\"twitter:card\" content=\"summary_large_image\" \/>\n<script type=\"application\/ld+json\" class=\"yoast-schema-graph\">{\"@context\":\"https:\\\/\\\/schema.org\",\"@graph\":[{\"@type\":\"WebPage\",\"@id\":\"https:\\\/\\\/nuovo.lorenzmarine.com\\\/product\\\/airmar-trasduttore-p319\\\/\",\"url\":\"https:\\\/\\\/nuovo.lorenzmarine.com\\\/product\\\/airmar-trasduttore-p319\\\/\",\"name\":\"AIRMAR Trasduttore P319 - Lorenz Marine\",\"isPartOf\":{\"@id\":\"https:\\\/\\\/nuovo.lorenzmarine.com\\\/#website\"},\"datePublished\":\"2026-01-29T16:41:05+00:00\",\"dateModified\":\"2026-01-29T16:41:06+00:00\",\"breadcrumb\":{\"@id\":\"https:\\\/\\\/nuovo.lorenzmarine.com\\\/product\\\/airmar-trasduttore-p319\\\/#breadcrumb\"},\"inLanguage\":\"en-US\",\"potentialAction\":[{\"@type\":\"ReadAction\",\"target\":[\"https:\\\/\\\/nuovo.lorenzmarine.com\\\/product\\\/airmar-trasduttore-p319\\\/\"]}]},{\"@type\":\"BreadcrumbList\",\"@id\":\"https:\\\/\\\/nuovo.lorenzmarine.com\\\/product\\\/airmar-trasduttore-p319\\\/#breadcrumb\",\"itemListElement\":[{\"@type\":\"ListItem\",\"position\":1,\"name\":\"Home\",\"item\":\"https:\\\/\\\/nuovo.lorenzmarine.com\\\/home\\\/\"},{\"@type\":\"ListItem\",\"position\":2,\"name\":\"Shop\",\"item\":\"https:\\\/\\\/nuovo.lorenzmarine.com\\\/negozio\\\/\"},{\"@type\":\"ListItem\",\"position\":3,\"name\":\"AIRMAR Trasduttore P319\"}]},{\"@type\":\"WebSite\",\"@id\":\"https:\\\/\\\/nuovo.lorenzmarine.com\\\/#website\",\"url\":\"https:\\\/\\\/nuovo.lorenzmarine.com\\\/\",\"name\":\"Lorenz Marine\",\"description\":\"Marine Electronics\",\"publisher\":{\"@id\":\"https:\\\/\\\/nuovo.lorenzmarine.com\\\/#organization\"},\"potentialAction\":[{\"@type\":\"SearchAction\",\"target\":{\"@type\":\"EntryPoint\",\"urlTemplate\":\"https:\\\/\\\/nuovo.lorenzmarine.com\\\/?s={search_term_string}\"},\"query-input\":{\"@type\":\"PropertyValueSpecification\",\"valueRequired\":true,\"valueName\":\"search_term_string\"}}],\"inLanguage\":\"en-US\"},{\"@type\":\"Organization\",\"@id\":\"https:\\\/\\\/nuovo.lorenzmarine.com\\\/#organization\",\"name\":\"Lorenz Marine\",\"url\":\"https:\\\/\\\/nuovo.lorenzmarine.com\\\/\",\"logo\":{\"@type\":\"ImageObject\",\"inLanguage\":\"en-US\",\"@id\":\"https:\\\/\\\/nuovo.lorenzmarine.com\\\/#\\\/schema\\\/logo\\\/image\\\/\",\"url\":\"https:\\\/\\\/nuovo.lorenzmarine.com\\\/wp-content\\\/uploads\\\/2018\\\/08\\\/Logo_LORENZMARINE-03.png\",\"contentUrl\":\"https:\\\/\\\/nuovo.lorenzmarine.com\\\/wp-content\\\/uploads\\\/2018\\\/08\\\/Logo_LORENZMARINE-03.png\",\"width\":435,\"height\":81,\"caption\":\"Lorenz Marine\"},\"image\":{\"@id\":\"https:\\\/\\\/nuovo.lorenzmarine.com\\\/#\\\/schema\\\/logo\\\/image\\\/\"},\"sameAs\":[\"https:\\\/\\\/www.facebook.com\\\/LorenzMarine\\\/\",\"https:\\\/\\\/www.instagram.com\\\/lorenzmarine_\\\/?hl=it\"]}]}<\/script>\n<!-- \/ Yoast SEO plugin. -->","yoast_head_json":{"title":"AIRMAR Trasduttore P319 - Lorenz Marine","robots":{"index":"noindex","follow":"follow","max-snippet":"max-snippet:-1","max-image-preview":"max-image-preview:large","max-video-preview":"max-video-preview:-1"},"og_locale":"en_US","og_type":"article","og_title":"AIRMAR Trasduttore P319 - Lorenz Marine","og_description":"I trasduttori AIRMAR\u00ae sono completamente compatibili con gli ecoscandaglio Lorenz delle serie Atom e Magnum, offrendo il massimo delle prestazioni per la navigazione professionale e ricreativa. Grazie a questa compatibilit\u00e0, \u00e8 possibile sfruttare appieno tutte le funzionalit\u00e0 degli ecoscandagli Lorenz per una navigazione precisa e affidabile.","og_url":"https:\/\/nuovo.lorenzmarine.com\/product\/airmar-trasduttore-p319\/","og_site_name":"Lorenz Marine","article_publisher":"https:\/\/www.facebook.com\/LorenzMarine\/","article_modified_time":"2026-01-29T16:41:06+00:00","twitter_card":"summary_large_image","schema":{"@context":"https:\/\/schema.org","@graph":[{"@type":"WebPage","@id":"https:\/\/nuovo.lorenzmarine.com\/product\/airmar-trasduttore-p319\/","url":"https:\/\/nuovo.lorenzmarine.com\/product\/airmar-trasduttore-p319\/","name":"AIRMAR Trasduttore P319 - Lorenz Marine","isPartOf":{"@id":"https:\/\/nuovo.lorenzmarine.com\/#website"},"datePublished":"2026-01-29T16:41:05+00:00","dateModified":"2026-01-29T16:41:06+00:00","breadcrumb":{"@id":"https:\/\/nuovo.lorenzmarine.com\/product\/airmar-trasduttore-p319\/#breadcrumb"},"inLanguage":"en-US","potentialAction":[{"@type":"ReadAction","target":["https:\/\/nuovo.lorenzmarine.com\/product\/airmar-trasduttore-p319\/"]}]},{"@type":"BreadcrumbList","@id":"https:\/\/nuovo.lorenzmarine.com\/product\/airmar-trasduttore-p319\/#breadcrumb","itemListElement":[{"@type":"ListItem","position":1,"name":"Home","item":"https:\/\/nuovo.lorenzmarine.com\/home\/"},{"@type":"ListItem","position":2,"name":"Shop","item":"https:\/\/nuovo.lorenzmarine.com\/negozio\/"},{"@type":"ListItem","position":3,"name":"AIRMAR Trasduttore P319"}]},{"@type":"WebSite","@id":"https:\/\/nuovo.lorenzmarine.com\/#website","url":"https:\/\/nuovo.lorenzmarine.com\/","name":"Lorenz Marine","description":"Marine Electronics","publisher":{"@id":"https:\/\/nuovo.lorenzmarine.com\/#organization"},"potentialAction":[{"@type":"SearchAction","target":{"@type":"EntryPoint","urlTemplate":"https:\/\/nuovo.lorenzmarine.com\/?s={search_term_string}"},"query-input":{"@type":"PropertyValueSpecification","valueRequired":true,"valueName":"search_term_string"}}],"inLanguage":"en-US"},{"@type":"Organization","@id":"https:\/\/nuovo.lorenzmarine.com\/#organization","name":"Lorenz Marine","url":"https:\/\/nuovo.lorenzmarine.com\/","logo":{"@type":"ImageObject","inLanguage":"en-US","@id":"https:\/\/nuovo.lorenzmarine.com\/#\/schema\/logo\/image\/","url":"https:\/\/nuovo.lorenzmarine.com\/wp-content\/uploads\/2018\/08\/Logo_LORENZMARINE-03.png","contentUrl":"https:\/\/nuovo.lorenzmarine.com\/wp-content\/uploads\/2018\/08\/Logo_LORENZMARINE-03.png","width":435,"height":81,"caption":"Lorenz Marine"},"image":{"@id":"https:\/\/nuovo.lorenzmarine.com\/#\/schema\/logo\/image\/"},"sameAs":["https:\/\/www.facebook.com\/LorenzMarine\/","https:\/\/www.instagram.com\/lorenzmarine_\/?hl=it"]}]}},"_links":{"self":[{"href":"https:\/\/nuovo.lorenzmarine.com\/en\/wp-json\/wp\/v2\/product\/22244","targetHints":{"allow":["GET"]}}],"collection":[{"href":"https:\/\/nuovo.lorenzmarine.com\/en\/wp-json\/wp\/v2\/product"}],"about":[{"href":"https:\/\/nuovo.lorenzmarine.com\/en\/wp-json\/wp\/v2\/types\/product"}],"wp:attachment":[{"href":"https:\/\/nuovo.lorenzmarine.com\/en\/wp-json\/wp\/v2\/media?parent=22244"}],"wp:term":[{"taxonomy":"product_brand","embeddable":true,"href":"https:\/\/nuovo.lorenzmarine.com\/en\/wp-json\/wp\/v2\/product_brand?post=22244"},{"taxonomy":"product_cat","embeddable":true,"href":"https:\/\/nuovo.lorenzmarine.com\/en\/wp-json\/wp\/v2\/product_cat?post=22244"},{"taxonomy":"product_tag","embeddable":true,"href":"https:\/\/nuovo.lorenzmarine.com\/en\/wp-json\/wp\/v2\/product_tag?post=22244"}],"curies":[{"name":"wp","href":"https:\/\/api.w.org\/{rel}","templated":true}]}}