{"id":16705,"date":"2026-02-18T15:24:43","date_gmt":"2026-02-18T14:24:43","guid":{"rendered":"https:\/\/nuovo.lorenzmarine.com\/?post_type=product&#038;p=16705"},"modified":"2026-02-18T15:31:13","modified_gmt":"2026-02-18T14:31:13","slug":"airmar-trasduttore-b117-2","status":"publish","type":"product","link":"https:\/\/nuovo.lorenzmarine.com\/en\/product\/airmar-trasduttore-b117-2\/","title":{"rendered":"AIRMAR Trasduttore B117"},"content":{"rendered":"<p>P58 TRIDUCER\u00ae \u2013 Trasduttore da Poppa Multisensore 50\/200 kHz<br \/>\nIl P58 TRIDUCER\u00ae di Airmar \u00e8 il trasduttore da poppa pi\u00f9 conveniente della gamma, con tecnologia dual-frequency 50\/200 kHz. Unisce tre funzioni essenziali in un unico alloggiamento compatto:<\/p>\n<p>Profondit\u00e0<\/p>\n<p>Velocit\u00e0<\/p>\n<p>Temperatura dell\u2019acqua<\/p>\n<p>Il design semplificato e il ridotto numero di componenti rendono l\u2019installazione facile e veloce, ideale per proprietari di piccole imbarcazioni che cercano prestazioni affidabili senza complicazioni.<\/p>\n<p>Dotato di paddlewheel a pale quadrate, il P58 garantisce ottima linearit\u00e0 e precisione nella rilevazione della velocit\u00e0, su tutta la gamma operativa.<\/p>\n<p>Caratteristiche principali:<br \/>\nMultisensore 3 in 1: profondit\u00e0, velocit\u00e0, temperatura<\/p>\n<p>Dual frequency: 50\/200 kHz<\/p>\n<p>Design compatto per barche di piccole dimensioni<\/p>\n<p>Installazione semplice grazie al numero ridotto di componenti<\/p>\n<p>Paddlewheel preciso e reattivo anche a basse velocit\u00e0<\/p>\n","protected":false},"excerpt":{"rendered":"<p>I trasduttori AIRMAR\u00ae sono completamente compatibili con gli ecoscandaglio Lorenz delle serie Atom e Magnum, offrendo il massimo delle prestazioni per la navigazione professionale e ricreativa. Grazie a questa compatibilit\u00e0, \u00e8 possibile sfruttare appieno tutte le funzionalit\u00e0 degli ecoscandagli Lorenz per una navigazione precisa e affidabile.<\/p>\n","protected":false},"featured_media":22307,"template":"","meta":{"_acf_changed":false},"product_brand":[470],"product_cat":[383,381],"product_tag":[394],"class_list":{"0":"post-16705","1":"product","2":"type-product","3":"status-publish","4":"has-post-thumbnail","6":"product_brand-airmar","7":"product_cat-accessori","8":"product_cat-trasduttori","9":"product_tag-work-boats","10":"pa_dati-forniti-profondita","11":"pa_frequenza-50-200-khz","12":"pa_installazione-thru-hull-passante","13":"pa_materiale-bronzo","14":"pa_potenza-600-watt","16":"first","17":"instock","18":"taxable","19":"shipping-taxable","20":"product-type-simple"},"acf":[],"yoast_head":"<!-- This site is optimized with the Yoast SEO plugin v27.5 - https:\/\/yoast.com\/product\/yoast-seo-wordpress\/ -->\n<title>AIRMAR Trasduttore B117 - Lorenz Marine<\/title>\n<meta name=\"robots\" content=\"noindex, follow, max-snippet:-1, max-image-preview:large, max-video-preview:-1\" \/>\n<meta property=\"og:locale\" content=\"en_US\" \/>\n<meta property=\"og:type\" content=\"article\" \/>\n<meta property=\"og:title\" content=\"AIRMAR Trasduttore B117 - Lorenz Marine\" \/>\n<meta property=\"og:description\" content=\"I trasduttori AIRMAR\u00ae sono completamente compatibili con gli ecoscandaglio Lorenz delle serie Atom e Magnum, offrendo il massimo delle prestazioni per la navigazione professionale e ricreativa. Grazie a questa compatibilit\u00e0, \u00e8 possibile sfruttare appieno tutte le funzionalit\u00e0 degli ecoscandagli Lorenz per una navigazione precisa e affidabile.\" \/>\n<meta property=\"og:url\" content=\"https:\/\/nuovo.lorenzmarine.com\/product\/airmar-trasduttore-b117-2\/\" \/>\n<meta property=\"og:site_name\" content=\"Lorenz Marine\" \/>\n<meta property=\"article:publisher\" content=\"https:\/\/www.facebook.com\/LorenzMarine\/\" \/>\n<meta property=\"article:modified_time\" content=\"2026-02-18T14:31:13+00:00\" \/>\n<meta property=\"og:image\" content=\"https:\/\/nuovo.lorenzmarine.com\/wp-content\/uploads\/2026\/02\/B117-Transducer.jpg\" \/>\n\t<meta property=\"og:image:width\" content=\"600\" \/>\n\t<meta property=\"og:image:height\" content=\"672\" \/>\n\t<meta property=\"og:image:type\" content=\"image\/jpeg\" \/>\n<meta name=\"twitter:card\" content=\"summary_large_image\" \/>\n<meta name=\"twitter:label1\" content=\"Est. reading time\" \/>\n\t<meta name=\"twitter:data1\" content=\"1 minute\" \/>\n<script type=\"application\/ld+json\" class=\"yoast-schema-graph\">{\"@context\":\"https:\\\/\\\/schema.org\",\"@graph\":[{\"@type\":\"WebPage\",\"@id\":\"https:\\\/\\\/nuovo.lorenzmarine.com\\\/product\\\/airmar-trasduttore-b117-2\\\/\",\"url\":\"https:\\\/\\\/nuovo.lorenzmarine.com\\\/product\\\/airmar-trasduttore-b117-2\\\/\",\"name\":\"AIRMAR Trasduttore B117 - Lorenz Marine\",\"isPartOf\":{\"@id\":\"https:\\\/\\\/nuovo.lorenzmarine.com\\\/#website\"},\"primaryImageOfPage\":{\"@id\":\"https:\\\/\\\/nuovo.lorenzmarine.com\\\/product\\\/airmar-trasduttore-b117-2\\\/#primaryimage\"},\"image\":{\"@id\":\"https:\\\/\\\/nuovo.lorenzmarine.com\\\/product\\\/airmar-trasduttore-b117-2\\\/#primaryimage\"},\"thumbnailUrl\":\"https:\\\/\\\/nuovo.lorenzmarine.com\\\/wp-content\\\/uploads\\\/2026\\\/02\\\/B117-Transducer.jpg\",\"datePublished\":\"2026-02-18T14:24:43+00:00\",\"dateModified\":\"2026-02-18T14:31:13+00:00\",\"breadcrumb\":{\"@id\":\"https:\\\/\\\/nuovo.lorenzmarine.com\\\/product\\\/airmar-trasduttore-b117-2\\\/#breadcrumb\"},\"inLanguage\":\"en-US\",\"potentialAction\":[{\"@type\":\"ReadAction\",\"target\":[\"https:\\\/\\\/nuovo.lorenzmarine.com\\\/product\\\/airmar-trasduttore-b117-2\\\/\"]}]},{\"@type\":\"ImageObject\",\"inLanguage\":\"en-US\",\"@id\":\"https:\\\/\\\/nuovo.lorenzmarine.com\\\/product\\\/airmar-trasduttore-b117-2\\\/#primaryimage\",\"url\":\"https:\\\/\\\/nuovo.lorenzmarine.com\\\/wp-content\\\/uploads\\\/2026\\\/02\\\/B117-Transducer.jpg\",\"contentUrl\":\"https:\\\/\\\/nuovo.lorenzmarine.com\\\/wp-content\\\/uploads\\\/2026\\\/02\\\/B117-Transducer.jpg\",\"width\":600,\"height\":672},{\"@type\":\"BreadcrumbList\",\"@id\":\"https:\\\/\\\/nuovo.lorenzmarine.com\\\/product\\\/airmar-trasduttore-b117-2\\\/#breadcrumb\",\"itemListElement\":[{\"@type\":\"ListItem\",\"position\":1,\"name\":\"Home\",\"item\":\"https:\\\/\\\/nuovo.lorenzmarine.com\\\/home\\\/\"},{\"@type\":\"ListItem\",\"position\":2,\"name\":\"Shop\",\"item\":\"https:\\\/\\\/nuovo.lorenzmarine.com\\\/negozio\\\/\"},{\"@type\":\"ListItem\",\"position\":3,\"name\":\"AIRMAR Trasduttore B117\"}]},{\"@type\":\"WebSite\",\"@id\":\"https:\\\/\\\/nuovo.lorenzmarine.com\\\/#website\",\"url\":\"https:\\\/\\\/nuovo.lorenzmarine.com\\\/\",\"name\":\"Lorenz Marine\",\"description\":\"Marine Electronics\",\"publisher\":{\"@id\":\"https:\\\/\\\/nuovo.lorenzmarine.com\\\/#organization\"},\"potentialAction\":[{\"@type\":\"SearchAction\",\"target\":{\"@type\":\"EntryPoint\",\"urlTemplate\":\"https:\\\/\\\/nuovo.lorenzmarine.com\\\/?s={search_term_string}\"},\"query-input\":{\"@type\":\"PropertyValueSpecification\",\"valueRequired\":true,\"valueName\":\"search_term_string\"}}],\"inLanguage\":\"en-US\"},{\"@type\":\"Organization\",\"@id\":\"https:\\\/\\\/nuovo.lorenzmarine.com\\\/#organization\",\"name\":\"Lorenz Marine\",\"url\":\"https:\\\/\\\/nuovo.lorenzmarine.com\\\/\",\"logo\":{\"@type\":\"ImageObject\",\"inLanguage\":\"en-US\",\"@id\":\"https:\\\/\\\/nuovo.lorenzmarine.com\\\/#\\\/schema\\\/logo\\\/image\\\/\",\"url\":\"https:\\\/\\\/nuovo.lorenzmarine.com\\\/wp-content\\\/uploads\\\/2018\\\/08\\\/Logo_LORENZMARINE-03.png\",\"contentUrl\":\"https:\\\/\\\/nuovo.lorenzmarine.com\\\/wp-content\\\/uploads\\\/2018\\\/08\\\/Logo_LORENZMARINE-03.png\",\"width\":435,\"height\":81,\"caption\":\"Lorenz Marine\"},\"image\":{\"@id\":\"https:\\\/\\\/nuovo.lorenzmarine.com\\\/#\\\/schema\\\/logo\\\/image\\\/\"},\"sameAs\":[\"https:\\\/\\\/www.facebook.com\\\/LorenzMarine\\\/\",\"https:\\\/\\\/www.instagram.com\\\/lorenzmarine_\\\/?hl=it\"]}]}<\/script>\n<!-- \/ Yoast SEO plugin. -->","yoast_head_json":{"title":"AIRMAR Trasduttore B117 - Lorenz Marine","robots":{"index":"noindex","follow":"follow","max-snippet":"max-snippet:-1","max-image-preview":"max-image-preview:large","max-video-preview":"max-video-preview:-1"},"og_locale":"en_US","og_type":"article","og_title":"AIRMAR Trasduttore B117 - Lorenz Marine","og_description":"I trasduttori AIRMAR\u00ae sono completamente compatibili con gli ecoscandaglio Lorenz delle serie Atom e Magnum, offrendo il massimo delle prestazioni per la navigazione professionale e ricreativa. Grazie a questa compatibilit\u00e0, \u00e8 possibile sfruttare appieno tutte le funzionalit\u00e0 degli ecoscandagli Lorenz per una navigazione precisa e affidabile.","og_url":"https:\/\/nuovo.lorenzmarine.com\/product\/airmar-trasduttore-b117-2\/","og_site_name":"Lorenz Marine","article_publisher":"https:\/\/www.facebook.com\/LorenzMarine\/","article_modified_time":"2026-02-18T14:31:13+00:00","og_image":[{"width":600,"height":672,"url":"https:\/\/nuovo.lorenzmarine.com\/wp-content\/uploads\/2026\/02\/B117-Transducer.jpg","type":"image\/jpeg"}],"twitter_card":"summary_large_image","twitter_misc":{"Est. reading time":"1 minute"},"schema":{"@context":"https:\/\/schema.org","@graph":[{"@type":"WebPage","@id":"https:\/\/nuovo.lorenzmarine.com\/product\/airmar-trasduttore-b117-2\/","url":"https:\/\/nuovo.lorenzmarine.com\/product\/airmar-trasduttore-b117-2\/","name":"AIRMAR Trasduttore B117 - Lorenz Marine","isPartOf":{"@id":"https:\/\/nuovo.lorenzmarine.com\/#website"},"primaryImageOfPage":{"@id":"https:\/\/nuovo.lorenzmarine.com\/product\/airmar-trasduttore-b117-2\/#primaryimage"},"image":{"@id":"https:\/\/nuovo.lorenzmarine.com\/product\/airmar-trasduttore-b117-2\/#primaryimage"},"thumbnailUrl":"https:\/\/nuovo.lorenzmarine.com\/wp-content\/uploads\/2026\/02\/B117-Transducer.jpg","datePublished":"2026-02-18T14:24:43+00:00","dateModified":"2026-02-18T14:31:13+00:00","breadcrumb":{"@id":"https:\/\/nuovo.lorenzmarine.com\/product\/airmar-trasduttore-b117-2\/#breadcrumb"},"inLanguage":"en-US","potentialAction":[{"@type":"ReadAction","target":["https:\/\/nuovo.lorenzmarine.com\/product\/airmar-trasduttore-b117-2\/"]}]},{"@type":"ImageObject","inLanguage":"en-US","@id":"https:\/\/nuovo.lorenzmarine.com\/product\/airmar-trasduttore-b117-2\/#primaryimage","url":"https:\/\/nuovo.lorenzmarine.com\/wp-content\/uploads\/2026\/02\/B117-Transducer.jpg","contentUrl":"https:\/\/nuovo.lorenzmarine.com\/wp-content\/uploads\/2026\/02\/B117-Transducer.jpg","width":600,"height":672},{"@type":"BreadcrumbList","@id":"https:\/\/nuovo.lorenzmarine.com\/product\/airmar-trasduttore-b117-2\/#breadcrumb","itemListElement":[{"@type":"ListItem","position":1,"name":"Home","item":"https:\/\/nuovo.lorenzmarine.com\/home\/"},{"@type":"ListItem","position":2,"name":"Shop","item":"https:\/\/nuovo.lorenzmarine.com\/negozio\/"},{"@type":"ListItem","position":3,"name":"AIRMAR Trasduttore B117"}]},{"@type":"WebSite","@id":"https:\/\/nuovo.lorenzmarine.com\/#website","url":"https:\/\/nuovo.lorenzmarine.com\/","name":"Lorenz Marine","description":"Marine Electronics","publisher":{"@id":"https:\/\/nuovo.lorenzmarine.com\/#organization"},"potentialAction":[{"@type":"SearchAction","target":{"@type":"EntryPoint","urlTemplate":"https:\/\/nuovo.lorenzmarine.com\/?s={search_term_string}"},"query-input":{"@type":"PropertyValueSpecification","valueRequired":true,"valueName":"search_term_string"}}],"inLanguage":"en-US"},{"@type":"Organization","@id":"https:\/\/nuovo.lorenzmarine.com\/#organization","name":"Lorenz Marine","url":"https:\/\/nuovo.lorenzmarine.com\/","logo":{"@type":"ImageObject","inLanguage":"en-US","@id":"https:\/\/nuovo.lorenzmarine.com\/#\/schema\/logo\/image\/","url":"https:\/\/nuovo.lorenzmarine.com\/wp-content\/uploads\/2018\/08\/Logo_LORENZMARINE-03.png","contentUrl":"https:\/\/nuovo.lorenzmarine.com\/wp-content\/uploads\/2018\/08\/Logo_LORENZMARINE-03.png","width":435,"height":81,"caption":"Lorenz Marine"},"image":{"@id":"https:\/\/nuovo.lorenzmarine.com\/#\/schema\/logo\/image\/"},"sameAs":["https:\/\/www.facebook.com\/LorenzMarine\/","https:\/\/www.instagram.com\/lorenzmarine_\/?hl=it"]}]}},"_links":{"self":[{"href":"https:\/\/nuovo.lorenzmarine.com\/en\/wp-json\/wp\/v2\/product\/16705","targetHints":{"allow":["GET"]}}],"collection":[{"href":"https:\/\/nuovo.lorenzmarine.com\/en\/wp-json\/wp\/v2\/product"}],"about":[{"href":"https:\/\/nuovo.lorenzmarine.com\/en\/wp-json\/wp\/v2\/types\/product"}],"wp:featuredmedia":[{"embeddable":true,"href":"https:\/\/nuovo.lorenzmarine.com\/en\/wp-json\/wp\/v2\/media\/22307"}],"wp:attachment":[{"href":"https:\/\/nuovo.lorenzmarine.com\/en\/wp-json\/wp\/v2\/media?parent=16705"}],"wp:term":[{"taxonomy":"product_brand","embeddable":true,"href":"https:\/\/nuovo.lorenzmarine.com\/en\/wp-json\/wp\/v2\/product_brand?post=16705"},{"taxonomy":"product_cat","embeddable":true,"href":"https:\/\/nuovo.lorenzmarine.com\/en\/wp-json\/wp\/v2\/product_cat?post=16705"},{"taxonomy":"product_tag","embeddable":true,"href":"https:\/\/nuovo.lorenzmarine.com\/en\/wp-json\/wp\/v2\/product_tag?post=16705"}],"curies":[{"name":"wp","href":"https:\/\/api.w.org\/{rel}","templated":true}]}}