{"id":9010,"date":"2019-01-18T12:13:35","date_gmt":"2019-01-18T11:13:35","guid":{"rendered":"http:\/\/lorenzmarine.tatoosa.it\/about-us\/"},"modified":"2025-03-25T20:58:02","modified_gmt":"2025-03-25T19:58:02","slug":"about-us","status":"publish","type":"page","link":"https:\/\/nuovo.lorenzmarine.com\/en\/about-us\/","title":{"rendered":"About Us"},"content":{"rendered":"\t\t<div data-elementor-type=\"wp-page\" data-elementor-id=\"9010\" class=\"elementor elementor-9010\" data-elementor-post-type=\"page\">\n\t\t\t\t<div class=\"elementor-element elementor-element-4f4e2bb e-flex e-con-boxed e-con e-parent\" data-id=\"4f4e2bb\" data-element_type=\"container\" data-e-type=\"container\" data-settings=\"{&quot;background_background&quot;:&quot;slideshow&quot;,&quot;background_slideshow_gallery&quot;:[{&quot;id&quot;:14950,&quot;url&quot;:&quot;https:\\\/\\\/nuovo.lorenzmarine.com\\\/wp-content\\\/uploads\\\/2025\\\/03\\\/background02.jpg&quot;}],&quot;background_slideshow_loop&quot;:&quot;yes&quot;,&quot;background_slideshow_slide_duration&quot;:5000,&quot;background_slideshow_slide_transition&quot;:&quot;fade&quot;,&quot;background_slideshow_transition_duration&quot;:500}\">\n\t\t\t\t\t<div class=\"e-con-inner\">\n\t\t\t\t<div class=\"elementor-element elementor-element-7b4cb67 elementor-widget elementor-widget-image\" data-id=\"7b4cb67\" data-element_type=\"widget\" data-e-type=\"widget\" data-widget_type=\"image.default\">\n\t\t\t\t<div class=\"elementor-widget-container\">\n\t\t\t\t\t\t\t\t\t\t\t\t\t\t\t<img decoding=\"async\" width=\"435\" height=\"81\" src=\"https:\/\/nuovo.lorenzmarine.com\/wp-content\/uploads\/2025\/03\/Logo_LORENZMARINE-04.png\" class=\"attachment-full size-full wp-image-14949\" alt=\"\" srcset=\"https:\/\/nuovo.lorenzmarine.com\/wp-content\/uploads\/2025\/03\/Logo_LORENZMARINE-04.png 435w, https:\/\/nuovo.lorenzmarine.com\/wp-content\/uploads\/2025\/03\/Logo_LORENZMARINE-04-300x56.png 300w\" sizes=\"(max-width: 435px) 100vw, 435px\" \/>\t\t\t\t\t\t\t\t\t\t\t\t\t\t\t<\/div>\n\t\t\t\t<\/div>\n\t\t\t\t\t<\/div>\n\t\t\t\t<\/div>\n\t\t<div class=\"elementor-element elementor-element-e60dac7 e-flex e-con-boxed e-con e-parent\" data-id=\"e60dac7\" data-element_type=\"container\" data-e-type=\"container\" data-settings=\"{&quot;background_background&quot;:&quot;classic&quot;}\">\n\t\t\t\t\t<div class=\"e-con-inner\">\n\t\t<div class=\"elementor-element elementor-element-bdf0cfe e-con-full e-flex e-con e-child\" data-id=\"bdf0cfe\" data-element_type=\"container\" data-e-type=\"container\">\n\t\t\t\t<div class=\"elementor-element elementor-element-e919896 elementor-widget elementor-widget-heading\" data-id=\"e919896\" data-element_type=\"widget\" data-e-type=\"widget\" data-widget_type=\"heading.default\">\n\t\t\t\t<div class=\"elementor-widget-container\">\n\t\t\t\t\t<h1 class=\"elementor-heading-title elementor-size-default\">Lorenz Marine<br>navigare con innovazione<\/h1>\t\t\t\t<\/div>\n\t\t\t\t<\/div>\n\t\t\t\t<div class=\"elementor-element elementor-element-49812c3 elementor-widget elementor-widget-heading\" data-id=\"49812c3\" data-element_type=\"widget\" data-e-type=\"widget\" data-widget_type=\"heading.default\">\n\t\t\t\t<div class=\"elementor-widget-container\">\n\t\t\t\t\t<h1 class=\"elementor-heading-title elementor-size-default\">Dal 1974, Lorenz Marine sviluppa strumentazioni elettroniche all'avanguardia per la pesca professionale e il diporto<\/h1>\t\t\t\t<\/div>\n\t\t\t\t<\/div>\n\t\t\t\t<div class=\"elementor-element elementor-element-2848171 elementor-widget elementor-widget-text-editor\" data-id=\"2848171\" data-element_type=\"widget\" data-e-type=\"widget\" data-widget_type=\"text-editor.default\">\n\t\t\t\t<div class=\"elementor-widget-container\">\n\t\t\t\t\t\t\t\t\t<p>Offrendo prodotti che combinano affidabilit\u00e0, semplicit\u00e0 e funzionalit\u00e0 avanzate. I nostri strumenti sono progettati per chi cerca precisione in mare e oggi, con la tecnologia WiFi e il servizio Capitan Cloud, puoi gestire rotte e tracce direttamente da smartphone o tablet, proteggendo i tuoi dati anche in caso di furto o guasto.<\/p>\t\t\t\t\t\t\t\t<\/div>\n\t\t\t\t<\/div>\n\t\t\t\t<\/div>\n\t\t<div class=\"elementor-element elementor-element-3edf9ab e-con-full e-flex e-con e-child\" data-id=\"3edf9ab\" data-element_type=\"container\" data-e-type=\"container\">\n\t\t\t\t<div class=\"elementor-element elementor-element-02333c2 elementor-widget elementor-widget-image\" data-id=\"02333c2\" data-element_type=\"widget\" data-e-type=\"widget\" data-widget_type=\"image.default\">\n\t\t\t\t<div class=\"elementor-widget-container\">\n\t\t\t\t\t\t\t\t\t\t\t\t\t\t\t<img fetchpriority=\"high\" decoding=\"async\" width=\"800\" height=\"534\" src=\"https:\/\/nuovo.lorenzmarine.com\/wp-content\/uploads\/2025\/03\/background03-1024x683.jpg\" class=\"attachment-large size-large wp-image-14953\" alt=\"\" srcset=\"https:\/\/nuovo.lorenzmarine.com\/wp-content\/uploads\/2025\/03\/background03-1024x683.jpg 1024w, https:\/\/nuovo.lorenzmarine.com\/wp-content\/uploads\/2025\/03\/background03-300x200.jpg 300w, https:\/\/nuovo.lorenzmarine.com\/wp-content\/uploads\/2025\/03\/background03-768x512.jpg 768w, https:\/\/nuovo.lorenzmarine.com\/wp-content\/uploads\/2025\/03\/background03-1536x1025.jpg 1536w, https:\/\/nuovo.lorenzmarine.com\/wp-content\/uploads\/2025\/03\/background03-600x400.jpg 600w, https:\/\/nuovo.lorenzmarine.com\/wp-content\/uploads\/2025\/03\/background03.jpg 1920w\" sizes=\"(max-width: 800px) 100vw, 800px\" \/>\t\t\t\t\t\t\t\t\t\t\t\t\t\t\t<\/div>\n\t\t\t\t<\/div>\n\t\t\t\t<\/div>\n\t\t\t\t\t<\/div>\n\t\t\t\t<\/div>\n\t\t<div class=\"elementor-element elementor-element-0ee47ad e-flex e-con-boxed e-con e-parent\" data-id=\"0ee47ad\" data-element_type=\"container\" data-e-type=\"container\" data-settings=\"{&quot;background_background&quot;:&quot;slideshow&quot;,&quot;background_slideshow_gallery&quot;:[{&quot;id&quot;:14954,&quot;url&quot;:&quot;https:\\\/\\\/nuovo.lorenzmarine.com\\\/wp-content\\\/uploads\\\/2025\\\/03\\\/LorenzMarine_Sea_WEB.jpg&quot;}],&quot;background_slideshow_loop&quot;:&quot;yes&quot;,&quot;background_slideshow_slide_duration&quot;:5000,&quot;background_slideshow_slide_transition&quot;:&quot;fade&quot;,&quot;background_slideshow_transition_duration&quot;:500}\">\n\t\t\t\t\t<div class=\"e-con-inner\">\n\t\t\t\t\t<\/div>\n\t\t\t\t<\/div>\n\t\t\t\t<\/div>\n\t\t","protected":false},"excerpt":{"rendered":"<p>Lorenz Marinenavigare con innovazione Dal 1974, Lorenz Marine sviluppa strumentazioni elettroniche all&#8217;avanguardia per la pesca professionale e il diporto Offrendo prodotti che combinano affidabilit\u00e0, semplicit\u00e0 e funzionalit\u00e0 avanzate. I nostri strumenti sono progettati per chi cerca precisione in mare e oggi, con la tecnologia WiFi e il servizio Capitan Cloud, puoi gestire rotte e tracce [&hellip;]<\/p>\n","protected":false},"author":2,"featured_media":0,"parent":0,"menu_order":0,"comment_status":"closed","ping_status":"closed","template":"elementor_header_footer","meta":{"_acf_changed":false,"footnotes":""},"class_list":["post-9010","page","type-page","status-publish","hentry"],"acf":[],"yoast_head":"<!-- This site is optimized with the Yoast SEO plugin v27.5 - https:\/\/yoast.com\/product\/yoast-seo-wordpress\/ -->\n<title>About Us - Lorenz Marine<\/title>\n<meta name=\"robots\" content=\"noindex, follow, max-snippet:-1, max-image-preview:large, max-video-preview:-1\" \/>\n<meta property=\"og:locale\" content=\"en_US\" \/>\n<meta property=\"og:type\" content=\"article\" \/>\n<meta property=\"og:title\" content=\"About Us - Lorenz Marine\" \/>\n<meta property=\"og:description\" content=\"Lorenz Marinenavigare con innovazione Dal 1974, Lorenz Marine sviluppa strumentazioni elettroniche all&#8217;avanguardia per la pesca professionale e il diporto Offrendo prodotti che combinano affidabilit\u00e0, semplicit\u00e0 e funzionalit\u00e0 avanzate. I nostri strumenti sono progettati per chi cerca precisione in mare e oggi, con la tecnologia WiFi e il servizio Capitan Cloud, puoi gestire rotte e tracce [&hellip;]\" \/>\n<meta property=\"og:url\" content=\"https:\/\/nuovo.lorenzmarine.com\/about-us\/\" \/>\n<meta property=\"og:site_name\" content=\"Lorenz Marine\" \/>\n<meta property=\"article:publisher\" content=\"https:\/\/www.facebook.com\/LorenzMarine\/\" \/>\n<meta property=\"article:modified_time\" content=\"2025-03-25T19:58:02+00:00\" \/>\n<meta property=\"og:image\" content=\"https:\/\/nuovo.lorenzmarine.com\/wp-content\/uploads\/2025\/03\/Logo_LORENZMARINE-04.png\" \/>\n\t<meta property=\"og:image:width\" content=\"435\" \/>\n\t<meta property=\"og:image:height\" content=\"81\" \/>\n\t<meta property=\"og:image:type\" content=\"image\/png\" \/>\n<meta name=\"twitter:card\" content=\"summary_large_image\" \/>\n<meta name=\"twitter:label1\" content=\"Est. reading time\" \/>\n\t<meta name=\"twitter:data1\" content=\"1 minute\" \/>\n<script type=\"application\/ld+json\" class=\"yoast-schema-graph\">{\"@context\":\"https:\\\/\\\/schema.org\",\"@graph\":[{\"@type\":\"WebPage\",\"@id\":\"https:\\\/\\\/nuovo.lorenzmarine.com\\\/about-us\\\/\",\"url\":\"https:\\\/\\\/nuovo.lorenzmarine.com\\\/about-us\\\/\",\"name\":\"About Us - Lorenz Marine\",\"isPartOf\":{\"@id\":\"https:\\\/\\\/nuovo.lorenzmarine.com\\\/#website\"},\"primaryImageOfPage\":{\"@id\":\"https:\\\/\\\/nuovo.lorenzmarine.com\\\/about-us\\\/#primaryimage\"},\"image\":{\"@id\":\"https:\\\/\\\/nuovo.lorenzmarine.com\\\/about-us\\\/#primaryimage\"},\"thumbnailUrl\":\"https:\\\/\\\/nuovo.lorenzmarine.com\\\/wp-content\\\/uploads\\\/2025\\\/03\\\/Logo_LORENZMARINE-04.png\",\"datePublished\":\"2019-01-18T11:13:35+00:00\",\"dateModified\":\"2025-03-25T19:58:02+00:00\",\"breadcrumb\":{\"@id\":\"https:\\\/\\\/nuovo.lorenzmarine.com\\\/about-us\\\/#breadcrumb\"},\"inLanguage\":\"en-US\",\"potentialAction\":[{\"@type\":\"ReadAction\",\"target\":[\"https:\\\/\\\/nuovo.lorenzmarine.com\\\/about-us\\\/\"]}]},{\"@type\":\"ImageObject\",\"inLanguage\":\"en-US\",\"@id\":\"https:\\\/\\\/nuovo.lorenzmarine.com\\\/about-us\\\/#primaryimage\",\"url\":\"https:\\\/\\\/nuovo.lorenzmarine.com\\\/wp-content\\\/uploads\\\/2025\\\/03\\\/Logo_LORENZMARINE-04.png\",\"contentUrl\":\"https:\\\/\\\/nuovo.lorenzmarine.com\\\/wp-content\\\/uploads\\\/2025\\\/03\\\/Logo_LORENZMARINE-04.png\"},{\"@type\":\"BreadcrumbList\",\"@id\":\"https:\\\/\\\/nuovo.lorenzmarine.com\\\/about-us\\\/#breadcrumb\",\"itemListElement\":[{\"@type\":\"ListItem\",\"position\":1,\"name\":\"Home\",\"item\":\"https:\\\/\\\/nuovo.lorenzmarine.com\\\/home\\\/\"},{\"@type\":\"ListItem\",\"position\":2,\"name\":\"About Us\"}]},{\"@type\":\"WebSite\",\"@id\":\"https:\\\/\\\/nuovo.lorenzmarine.com\\\/#website\",\"url\":\"https:\\\/\\\/nuovo.lorenzmarine.com\\\/\",\"name\":\"Lorenz Marine\",\"description\":\"Marine Electronics\",\"publisher\":{\"@id\":\"https:\\\/\\\/nuovo.lorenzmarine.com\\\/#organization\"},\"potentialAction\":[{\"@type\":\"SearchAction\",\"target\":{\"@type\":\"EntryPoint\",\"urlTemplate\":\"https:\\\/\\\/nuovo.lorenzmarine.com\\\/?s={search_term_string}\"},\"query-input\":{\"@type\":\"PropertyValueSpecification\",\"valueRequired\":true,\"valueName\":\"search_term_string\"}}],\"inLanguage\":\"en-US\"},{\"@type\":\"Organization\",\"@id\":\"https:\\\/\\\/nuovo.lorenzmarine.com\\\/#organization\",\"name\":\"Lorenz Marine\",\"url\":\"https:\\\/\\\/nuovo.lorenzmarine.com\\\/\",\"logo\":{\"@type\":\"ImageObject\",\"inLanguage\":\"en-US\",\"@id\":\"https:\\\/\\\/nuovo.lorenzmarine.com\\\/#\\\/schema\\\/logo\\\/image\\\/\",\"url\":\"https:\\\/\\\/nuovo.lorenzmarine.com\\\/wp-content\\\/uploads\\\/2018\\\/08\\\/Logo_LORENZMARINE-03.png\",\"contentUrl\":\"https:\\\/\\\/nuovo.lorenzmarine.com\\\/wp-content\\\/uploads\\\/2018\\\/08\\\/Logo_LORENZMARINE-03.png\",\"width\":435,\"height\":81,\"caption\":\"Lorenz Marine\"},\"image\":{\"@id\":\"https:\\\/\\\/nuovo.lorenzmarine.com\\\/#\\\/schema\\\/logo\\\/image\\\/\"},\"sameAs\":[\"https:\\\/\\\/www.facebook.com\\\/LorenzMarine\\\/\",\"https:\\\/\\\/www.instagram.com\\\/lorenzmarine_\\\/?hl=it\"]}]}<\/script>\n<!-- \/ Yoast SEO plugin. -->","yoast_head_json":{"title":"About Us - Lorenz Marine","robots":{"index":"noindex","follow":"follow","max-snippet":"max-snippet:-1","max-image-preview":"max-image-preview:large","max-video-preview":"max-video-preview:-1"},"og_locale":"en_US","og_type":"article","og_title":"About Us - Lorenz Marine","og_description":"Lorenz Marinenavigare con innovazione Dal 1974, Lorenz Marine sviluppa strumentazioni elettroniche all&#8217;avanguardia per la pesca professionale e il diporto Offrendo prodotti che combinano affidabilit\u00e0, semplicit\u00e0 e funzionalit\u00e0 avanzate. I nostri strumenti sono progettati per chi cerca precisione in mare e oggi, con la tecnologia WiFi e il servizio Capitan Cloud, puoi gestire rotte e tracce [&hellip;]","og_url":"https:\/\/nuovo.lorenzmarine.com\/about-us\/","og_site_name":"Lorenz Marine","article_publisher":"https:\/\/www.facebook.com\/LorenzMarine\/","article_modified_time":"2025-03-25T19:58:02+00:00","og_image":[{"width":435,"height":81,"url":"https:\/\/nuovo.lorenzmarine.com\/wp-content\/uploads\/2025\/03\/Logo_LORENZMARINE-04.png","type":"image\/png"}],"twitter_card":"summary_large_image","twitter_misc":{"Est. reading time":"1 minute"},"schema":{"@context":"https:\/\/schema.org","@graph":[{"@type":"WebPage","@id":"https:\/\/nuovo.lorenzmarine.com\/about-us\/","url":"https:\/\/nuovo.lorenzmarine.com\/about-us\/","name":"About Us - Lorenz Marine","isPartOf":{"@id":"https:\/\/nuovo.lorenzmarine.com\/#website"},"primaryImageOfPage":{"@id":"https:\/\/nuovo.lorenzmarine.com\/about-us\/#primaryimage"},"image":{"@id":"https:\/\/nuovo.lorenzmarine.com\/about-us\/#primaryimage"},"thumbnailUrl":"https:\/\/nuovo.lorenzmarine.com\/wp-content\/uploads\/2025\/03\/Logo_LORENZMARINE-04.png","datePublished":"2019-01-18T11:13:35+00:00","dateModified":"2025-03-25T19:58:02+00:00","breadcrumb":{"@id":"https:\/\/nuovo.lorenzmarine.com\/about-us\/#breadcrumb"},"inLanguage":"en-US","potentialAction":[{"@type":"ReadAction","target":["https:\/\/nuovo.lorenzmarine.com\/about-us\/"]}]},{"@type":"ImageObject","inLanguage":"en-US","@id":"https:\/\/nuovo.lorenzmarine.com\/about-us\/#primaryimage","url":"https:\/\/nuovo.lorenzmarine.com\/wp-content\/uploads\/2025\/03\/Logo_LORENZMARINE-04.png","contentUrl":"https:\/\/nuovo.lorenzmarine.com\/wp-content\/uploads\/2025\/03\/Logo_LORENZMARINE-04.png"},{"@type":"BreadcrumbList","@id":"https:\/\/nuovo.lorenzmarine.com\/about-us\/#breadcrumb","itemListElement":[{"@type":"ListItem","position":1,"name":"Home","item":"https:\/\/nuovo.lorenzmarine.com\/home\/"},{"@type":"ListItem","position":2,"name":"About Us"}]},{"@type":"WebSite","@id":"https:\/\/nuovo.lorenzmarine.com\/#website","url":"https:\/\/nuovo.lorenzmarine.com\/","name":"Lorenz Marine","description":"Marine Electronics","publisher":{"@id":"https:\/\/nuovo.lorenzmarine.com\/#organization"},"potentialAction":[{"@type":"SearchAction","target":{"@type":"EntryPoint","urlTemplate":"https:\/\/nuovo.lorenzmarine.com\/?s={search_term_string}"},"query-input":{"@type":"PropertyValueSpecification","valueRequired":true,"valueName":"search_term_string"}}],"inLanguage":"en-US"},{"@type":"Organization","@id":"https:\/\/nuovo.lorenzmarine.com\/#organization","name":"Lorenz Marine","url":"https:\/\/nuovo.lorenzmarine.com\/","logo":{"@type":"ImageObject","inLanguage":"en-US","@id":"https:\/\/nuovo.lorenzmarine.com\/#\/schema\/logo\/image\/","url":"https:\/\/nuovo.lorenzmarine.com\/wp-content\/uploads\/2018\/08\/Logo_LORENZMARINE-03.png","contentUrl":"https:\/\/nuovo.lorenzmarine.com\/wp-content\/uploads\/2018\/08\/Logo_LORENZMARINE-03.png","width":435,"height":81,"caption":"Lorenz Marine"},"image":{"@id":"https:\/\/nuovo.lorenzmarine.com\/#\/schema\/logo\/image\/"},"sameAs":["https:\/\/www.facebook.com\/LorenzMarine\/","https:\/\/www.instagram.com\/lorenzmarine_\/?hl=it"]}]}},"_links":{"self":[{"href":"https:\/\/nuovo.lorenzmarine.com\/en\/wp-json\/wp\/v2\/pages\/9010","targetHints":{"allow":["GET"]}}],"collection":[{"href":"https:\/\/nuovo.lorenzmarine.com\/en\/wp-json\/wp\/v2\/pages"}],"about":[{"href":"https:\/\/nuovo.lorenzmarine.com\/en\/wp-json\/wp\/v2\/types\/page"}],"author":[{"embeddable":true,"href":"https:\/\/nuovo.lorenzmarine.com\/en\/wp-json\/wp\/v2\/users\/2"}],"replies":[{"embeddable":true,"href":"https:\/\/nuovo.lorenzmarine.com\/en\/wp-json\/wp\/v2\/comments?post=9010"}],"version-history":[{"count":11,"href":"https:\/\/nuovo.lorenzmarine.com\/en\/wp-json\/wp\/v2\/pages\/9010\/revisions"}],"predecessor-version":[{"id":14961,"href":"https:\/\/nuovo.lorenzmarine.com\/en\/wp-json\/wp\/v2\/pages\/9010\/revisions\/14961"}],"wp:attachment":[{"href":"https:\/\/nuovo.lorenzmarine.com\/en\/wp-json\/wp\/v2\/media?parent=9010"}],"curies":[{"name":"wp","href":"https:\/\/api.w.org\/{rel}","templated":true}]}}