{"id":10011,"date":"2019-12-13T16:59:45","date_gmt":"2019-12-13T15:59:45","guid":{"rendered":"https:\/\/nuovo.lorenzmarine.com\/dealers\/"},"modified":"2022-05-25T13:53:11","modified_gmt":"2022-05-25T11:53:11","slug":"dealers","status":"publish","type":"page","link":"https:\/\/nuovo.lorenzmarine.com\/en\/dealers\/","title":{"rendered":"Dealers"},"content":{"rendered":"\r\n<p>[vc_row full_width=&#8221;stretch_row_content_no_spaces&#8221;][vc_column][vc_column_text]<\/p>\r\n<div style=\"height: 800px\"><div id=\"mapsvg-8335\" data-id=\"8335\" class=\"mapsvg\" data-autoload=\"true\" data-load-db=\"true\" data-loading-text=\"Loading map...\" style=\"width: 100%; height: 0; padding-bottom: 52.08%\"><\/div><\/div>\r\n<p>[\/vc_column_text][\/vc_column][\/vc_row][vc_row][vc_column][vc_empty_space][vc_column_text]<\/p>\r\n<h2><strong>Italian Official Dealers <img decoding=\"async\" class=\"alignnone size-full wp-image-10015\" src=\"https:\/\/nuovo.lorenzmarine.com\/wp-content\/uploads\/2018\/10\/pin_default.png\" alt=\"\" width=\"13\" height=\"23\"><br><\/strong><\/h2>\r\n<p>[\/vc_column_text][vc_empty_space][vc_column_text]<\/p>\r\n<div class=\"table-responsive\">\r\n<table class=\"table table-hover\">\r\n<thead class=\"thead-dark\">\r\n<tr>\r\n<th scope=\"col\">Region<\/th>\r\n<th scope=\"col\">District<\/th>\r\n<th scope=\"col\">City<\/th>\r\n<th scope=\"col\">Company<\/th>\r\n<th scope=\"col\">E-mail<\/th>\r\n<th scope=\"col\">Phone<\/th>\r\n<\/tr>\r\n<\/thead>\r\n<tbody>\r\n<tr>\r\n<td>Liguria<\/td>\r\n<td>SV<\/td>\r\n<td>Varazze<\/td>\r\n<td>Faser Srl<\/td>\r\n<td>info@faser.biz<\/td>\r\n<td>+39 019 932705<\/td>\r\n<\/tr>\r\n<tr>\r\n<td>Liguria<\/td>\r\n<td>SV<\/td>\r\n<td>Stellanello<\/td>\r\n<td>Elettronautica di Oberto Maurizio<\/td>\r\n<td>elettronauticaoberto@gmail.com<\/td>\r\n<td>+39 334 7637900<\/td>\r\n<\/tr>\r\n<tr>\r\n<td>Liguria<\/td>\r\n<td>GE<\/td>\r\n<td>Lavagna<\/td>\r\n<td>Alfa Radio Srl<\/td>\r\n<td>info@alfaradio.it<\/td>\r\n<td>+39 018 532145<\/td>\r\n<\/tr>\r\n<tr>\r\n<td>Liguria<\/td>\r\n<td>IM<\/td>\r\n<td>Sanremo<\/td>\r\n<td>Marine Electric SAS di Graziello Federco &amp; C.<\/td>\r\n<td>info@marineelectric.it<\/td>\r\n<td>+39 018 4503954<\/td>\r\n<\/tr>\r\n<tr>\r\n<td>Liguria<\/td>\r\n<td>SP<\/td>\r\n<td>La Spezia<\/td>\r\n<td>St.el.mar. Sas<\/td>\r\n<td>stm@col.it<\/td>\r\n<td>+39 018 7503315<\/td>\r\n<\/tr>\r\n<tr>\r\n<td>Tuscany<\/td>\r\n<td>FI<\/td>\r\n<td>Galliano<\/td>\r\n<td>Bluetronix di Scim\u00e8 Leonardo<\/td>\r\n<td>elettronicalubrano@gmail.com<\/td>\r\n<td>+39 055 0129986<\/td>\r\n<\/tr>\r\n-Bluetronix di Scim\u00e8 Leonardo , Via San Francesco 34 , 50031 Galliano , tel 0550129986 , mail info@bluetronix.it (Toscana)\r\n<tr>\r\n<td>Tuscany<\/td>\r\n<td>GR<\/td>\r\n<td>Monte Argentario<\/td>\r\n<td>Elettronica Navale di Lubrano Luigi<\/td>\r\n<td>elettronicalubrano@gmail.com<\/td>\r\n<td>+39 0564 818141<\/td>\r\n<\/tr>\r\n<tr>\r\n<td>Marche<\/td>\r\n<td>AP<\/td>\r\n<td>San Benedetto del Tronto<\/td>\r\n<td>CRM Srl<\/td>\r\n<td>info@crmsrl.it<\/td>\r\n<td>+39 0735 583766<\/td>\r\n<\/tr>\r\n<tr>\r\n<td>Marche<\/td>\r\n<td>AP<\/td>\r\n<td>San Benedetto del Tronto<\/td>\r\n<td>Nautica di Cesare di Antonio Di Cesare<\/td>\r\n<td>amministrazione@nauticadicesare.com<\/td>\r\n<td>+39 0735 757782<\/td>\r\n<\/tr>\r\n<tr>\r\n<td>Apulia<\/td>\r\n<td>LE<\/td>\r\n<td>Lecce<\/td>\r\n<td>LB nautica di Barbera Antonio<\/td>\r\n<td>lbnautica@libero.it<\/td>\r\n<td>+39 08321690874<\/td>\r\n<\/tr>\r\n<tr>\r\n<td>Apulia<\/td>\r\n<td>BA<\/td>\r\n<td>Bari<\/td>\r\n<td>ECG Elettronica Navale<\/td>\r\n<td>info@egcelettronica.it<\/td>\r\n<td>080 338 4044<\/td>\r\n<\/tr>\r\n<tr>\r\n<td>Lazio<\/td>\r\n<td>LT<\/td>\r\n<td>San Felice Circeo<\/td>\r\n<td>Elettromar<\/td>\r\n<td>info@elettromar.com<\/td>\r\n<td>+39 0773 549338<\/td>\r\n<\/tr>\r\n<tr>\r\n<td>Lazio<\/td>\r\n<td>LT<\/td>\r\n<td>Ponza<\/td>\r\n<td>Paesano Maria Antonietta<\/td>\r\n<td>mpaesano@alice.it<\/td>\r\n<td>+39 0771 80660<\/td>\r\n<\/tr>\r\n<tr>\r\n<td>Lazio<\/td>\r\n<td>RM<\/td>\r\n<td>Anzio<\/td>\r\n<td>SEATEC di Olivieri Alfonso &amp; C. S.a.s.<\/td>\r\n<td>eposs@tiscali.it<\/td>\r\n<td>+39 069844457<\/td>\r\n<\/tr>\r\n<tr>\r\n<td>Lazio<\/td>\r\n<td>VT<\/td>\r\n<td>Viterbo<\/td>\r\n<td>Servizi Nautici Zenith di Sea S.r.l.s.<\/td>\r\n<td>info@servizinauticizenith.it<\/td>\r\n<td>+39 0761 304558<\/td>\r\n<\/tr>\r\n<tr>\r\n<td>Lazio<\/td>\r\n<td>LT<\/td>\r\n<td>Gaeta<\/td>\r\n<td>Base Nautica Flavio Gioia Spa<\/td>\r\n<td>info@basenautica.com<\/td>\r\n<td>+39 0771 311013<\/td>\r\n<\/tr>\r\n<tr>\r\n<td>Campania<\/td>\r\n<td>SA<\/td>\r\n<td>Eboli<\/td>\r\n<td>Selenautica Srl<\/td>\r\n<td>info@selenautica.it<\/td>\r\n<td>+39 333 8454365<\/td>\r\n<\/tr>\r\n<tr>\r\n<td>Campania<\/td>\r\n<td>NA<\/td>\r\n<td>Naples<\/td>\r\n<td>PM Elettronica di Ciro Marinelli<\/td>\r\n<td>info@pmelettronica.eu<\/td>\r\n<td>+39 333 9200247<\/td>\r\n<\/tr>\r\n<tr>\r\n<td>Sardinia<\/td>\r\n<td>OR<\/td>\r\n<td>Cabras<\/td>\r\n<td>Nautica Sechi di Salvatore Sechi<\/td>\r\n<td>info@nauticasechi.it<\/td>\r\n<td>+39 0783 290841<\/td>\r\n<\/tr>\r\n<tr>\r\n<td>Sardinia<\/td>\r\n<td>SU<\/td>\r\n<td>Calasetta<\/td>\r\n<td>Granara Cesare<\/td>\r\n<td>gcaesar@tiscali.it<\/td>\r\n<td>+39 328 7298149<\/td>\r\n<\/tr>\r\n<tr>\r\n<td>Sardinia<\/td>\r\n<td>CA<\/td>\r\n<td>Selargius<\/td>\r\n<td>Giantas Srl<\/td>\r\n<td>giantassrl@gmail.com<\/td>\r\n<td>+39 07022548<\/td>\r\n<\/tr>\r\n<tr>\r\n<td>Sardinia<\/td>\r\n<td>CA<\/td>\r\n<td>Cagliari<\/td>\r\n<td>Delcomar<\/td>\r\n<td>amministrazionecontabilita@delcomar.it<\/td>\r\n<td>+39 0789 737631<\/td>\r\n<\/tr>\r\n<tr>\r\n<td>Calabria<\/td>\r\n<td>VV<\/td>\r\n<td>Pizzo<\/td>\r\n<td>Idea Mare di Galdino Paolo Antonio<\/td>\r\n<td>ideamaregaldino@virgilio.it<\/td>\r\n<td>+39 339 7314570<\/td>\r\n<\/tr>\r\n<tr>\r\n<td>Friuli Venezia Giulia<\/td>\r\n<td>UD<\/td>\r\n<td>Latisana \u2013 Aprilia Marittima<\/td>\r\n<td>Casa dell\u2019Elettronica di Mauro Lorenzo<\/td>\r\n<td>casadellelettronica0@libero.it<\/td>\r\n<td>+39 0431 53291<\/td>\r\n<\/tr>\r\n<tr>\r\n<td>Sicily<\/td>\r\n<td>AG<\/td>\r\n<td>Sciacca<\/td>\r\n<td>Curreri Lorenzo<\/td>\r\n<td>lorenzo.curreri@tin.it<\/td>\r\n<td>+39 0925 25793<\/td>\r\n<\/tr>\r\n<tr>\r\n<td>Sicily<\/td>\r\n<td>TP<\/td>\r\n<td>Erice<\/td>\r\n<td>SV DISTRIBUTION di Vultaggio Sergio<\/td>\r\n<td>customer@svnautica.it<\/td>\r\n<td>+39 092 31870155<\/td>\r\n<\/tr>\r\n<tr>\r\n<td>Sicily<\/td>\r\n<td>RG<\/td>\r\n<td>Pozzallo<\/td>\r\n<td>Electronic Navigation Systems di Gugliotta Laura &amp; C. Sas<\/td>\r\n<td>info@ens-sas.com<\/td>\r\n<td>+39 0932 953770<\/td>\r\n<\/tr>\r\n<tr>\r\n<td>Sicily<\/td>\r\n<td>MS<\/td>\r\n<td>Messina<\/td>\r\n<td>Elettromar di Lo Forte Rosalia<\/td>\r\n<td>elettromar.me@gmail.com<\/td>\r\n<td>39 335 1045636<\/td>\r\n<\/tr>\r\n<tr>\r\n<td>Sicily<\/td>\r\n<td>CT<\/td>\r\n<td>Catania<\/td>\r\n<td>Tutto Mare SRLS<\/td>\r\n<td>tuttomaresrls@gmail.com<\/td>\r\n<td>+39 3351818710<\/td>\r\n<\/tr>\r\n<tr>\r\n<td>Sicily<\/td>\r\n<td>CT<\/td>\r\n<td>Catania<\/td>\r\n<td>Nuova Pesca del Sud di Lombardo Fabio Antonio<\/td>\r\n<td>fabiolombardo1980@libero.it<\/td>\r\n<td>+39 333 3315077<\/td>\r\n<\/tr>\r\n<tr>\r\n<td>Sicily<\/td>\r\n<td>ME<\/td>\r\n<td>Messina<\/td>\r\n<td>Micro System Srl<\/td>\r\n<td>info@microsystemsrls.it<\/td>\r\n<td>+39 090 5726401<\/td>\r\n<\/tr>\r\n<tr>\r\n<td>Calabria<\/td>\r\n<td>CS<\/td>\r\n<td>Tortora<\/td>\r\n<td>Maratea Blue Service Srl<\/td>\r\n<td>info@nauticaellemme.it<\/td>\r\n<td>+39 0985043125<\/td>\r\n<\/tr>\r\n<\/tbody>\r\n<\/table>\r\n<\/div>\r\n<p>[\/vc_column_text][\/vc_column][\/vc_row][vc_row css=&#8221;.vc_custom_1537293405616{padding-bottom: 50px !important;}&#8221;][vc_column][vc_empty_space][vc_column_text]<\/p>\r\n<h2><strong>Agent&nbsp;<img decoding=\"async\" class=\"alignnone wp-image-10021 size-full\" src=\"https:\/\/nuovo.lorenzmarine.com\/wp-content\/uploads\/2018\/10\/pin1_blue.png\" alt=\"\" width=\"15\" height=\"24\"><br><\/strong><\/h2>\r\n<p>[\/vc_column_text][vc_empty_space][vc_column_text]<\/p>\r\n<div class=\"table-responsive\">\r\n<table class=\"table table-hover\">\r\n<thead class=\"thead-dark\">\r\n<tr>\r\n<th scope=\"col\">Nation<\/th>\r\n<th scope=\"col\">City<\/th>\r\n<th scope=\"col\">Address<\/th>\r\n<th scope=\"col\">Company<\/th>\r\n<th scope=\"col\">Contact<\/th>\r\n<\/tr>\r\n<\/thead>\r\n<tbody>\r\n<tr class=\"Tabella-di-base\">\r\n<td class=\"Tabella-di-base\">\r\n<p class=\"Paragrafo-base\">Italy<\/p>\r\n<\/td>\r\n<td class=\"Tabella-di-base\">\r\n<p class=\"Paragrafo-base\">Varazze (17019),<br \/>Savona<\/p>\r\n<\/td>\r\n<td class=\"Tabella-di-base\">\r\n<p class=\"Paragrafo-base\">Via Maestri del lavoro d\u2019Italia, 8<\/p>\r\n<\/td>\r\n<td class=\"Tabella-di-base\">\r\n<p class=\"Paragrafo-base\">Faser Srl<\/p>\r\n<\/td>\r\n<td class=\"Tabella-di-base\">\r\n<p class=\"Paragrafo-base\">+39 019932705<\/p>\r\n<\/td>\r\n<\/tr>\r\n<tr class=\"Tabella-di-base\">\r\n<td class=\"Tabella-di-base\">\r\n<p class=\"Paragrafo-base\">United<br \/>Kingdom<\/p>\r\n<\/td>\r\n<td class=\"Tabella-di-base\">\r\n<p class=\"Paragrafo-base\">Maldon (CM9 6DY), Essex<\/p>\r\n<\/td>\r\n<td class=\"Tabella-di-base\">\r\n<p class=\"Paragrafo-base\">19f Spital Road<\/p>\r\n<\/td>\r\n<td class=\"Tabella-di-base\">\r\n<p class=\"Paragrafo-base\">Mantsbrite ltd<\/p>\r\n<\/td>\r\n<td class=\"Tabella-di-base\">\r\n<p class=\"Paragrafo-base\">+44 (0) 1621 853003<\/p>\r\n<\/td>\r\n<\/tr>\r\n<tr class=\"Tabella-di-base\">\r\n<td class=\"Tabella-di-base\">\r\n<p class=\"Paragrafo-base\">Spain<\/p>\r\n<\/td>\r\n<td class=\"Tabella-di-base\">\r\n<p class=\"Paragrafo-base\">Torrejon de Ardoz (28850), Madrid<\/p>\r\n<\/td>\r\n<td class=\"Tabella-di-base\">\r\n<p class=\"Paragrafo-base\">P.I. Las Monjas Sector n\u00ba 8<\/p>\r\n<\/td>\r\n<td class=\"Tabella-di-base\">\r\n<p class=\"Paragrafo-base\">Equipos Navales Industriales<\/p>\r\n<\/td>\r\n<td class=\"Tabella-di-base\">\r\n<p class=\"Paragrafo-base\">+ 34 917254400<\/p>\r\n<\/tr>\r\n<tr class=\"Tabella-di-base\">\r\n<td class=\"Tabella-di-base\">\r\n<p class=\"Paragrafo-base\">France<\/p>\r\n<\/td>\r\n<td class=\"Tabella-di-base\">\r\n<p class=\"Paragrafo-base\">Blainville-sur-mer (50560)<\/p>\r\n<\/td>\r\n<td class=\"Tabella-di-base\">\r\n<p class=\"Paragrafo-base\">P.I. Z.A Chemin de l&#8217;Amour<\/p>\r\n<\/td>\r\n<td class=\"Tabella-di-base\">\r\n<p class=\"Paragrafo-base\">LR NAUTIQUE<\/p>\r\n<\/td>\r\n<td class=\"Tabella-di-base\">\r\n<p class=\"Paragrafo-base\">+ 33 0233478387<\/p>\r\n<\/td>\r\n<\/tr>\r\n<tr class=\"Tabella-di-base\">\r\n<td class=\"Tabella-di-base\">\r\n<p class=\"Paragrafo-base\">Greece<\/p>\r\n<\/td>\r\n<td class=\"Tabella-di-base\">\r\n<p class=\"Paragrafo-base\">Keratsini (187 55)<\/p>\r\n<\/td>\r\n<td class=\"Tabella-di-base\">\r\n<p class=\"Paragrafo-base\">Bouboulinas &amp; Proussis, 1<\/p>\r\n<\/td>\r\n<td class=\"Tabella-di-base\">\r\n<p class=\"Paragrafo-base\">Melissurgakis Bros. O.E. El Mare<\/p>\r\n<\/td>\r\n<td class=\"Tabella-di-base\">\r\n<p class=\"Paragrafo-base\">+ 30 2104002538<\/p>\r\n<\/td>\r\n<\/tr>\r\n<tr class=\"Tabella-di-base\">\r\n<td class=\"Tabella-di-base\">\r\n<p class=\"Paragrafo-base\">Greece<\/p>\r\n<\/td>\r\n<td class=\"Tabella-di-base\">\r\n<p class=\"Paragrafo-base\">Pireieus<\/p>\r\n<\/td>\r\n<td class=\"Tabella-di-base\">\r\n<p class=\"Paragrafo-base\">Akti Tr.Moutsopoulou, 56<\/p>\r\n<\/td>\r\n<td class=\"Tabella-di-base\">\r\n<p class=\"Paragrafo-base\">Filippakis Electronic Systems s.a.<\/p>\r\n<\/td>\r\n<td class=\"Tabella-di-base\">\r\n<p class=\"Paragrafo-base\">+30 2104514631<\/p>\r\n<\/td>\r\n<\/tr>\r\n<tr class=\"Tabella-di-base\">\r\n<td class=\"Tabella-di-base\">\r\n<p class=\"Paragrafo-base\">Croatia<\/p>\r\n<\/td>\r\n<td class=\"Tabella-di-base\">\r\n<p class=\"Paragrafo-base\">Kraljevica<\/p>\r\n<\/td>\r\n<td class=\"Tabella-di-base\">\r\n<p class=\"Paragrafo-base\">Sisacka 8<\/p>\r\n<\/td>\r\n<td class=\"Tabella-di-base\">\r\n<p class=\"Paragrafo-base\">Echo marine<\/p>\r\n<\/td>\r\n<td class=\"Tabella-di-base\">\r\n<p class=\"Paragrafo-base\">+385 91 5727066<\/p>\r\n<\/td>\r\n<\/tr>\r\n<tr class=\"Tabella-di-base\">\r\n<td class=\"Tabella-di-base\">\r\n<p class=\"Paragrafo-base\">Malta<\/p>\r\n<\/td>\r\n<td class=\"Tabella-di-base\">\r\n<p class=\"Paragrafo-base\">Hamrun<\/p>\r\n<\/td>\r\n<td class=\"Tabella-di-base\">\r\n<p class=\"Paragrafo-base\">8,Triq II-Frangiskani<\/p>\r\n<\/td>\r\n<td class=\"Tabella-di-base\">\r\n<p class=\"Paragrafo-base\">Gofish<\/p>\r\n<\/td>\r\n<td class=\"Tabella-di-base\">\r\n<p class=\"Paragrafo-base\">+356 99422079<\/p>\r\n<\/td>\r\n<\/tr>\r\n<tr class=\"Tabella-di-base\">\r\n<td class=\"Tabella-di-base\">\r\n<p class=\"Paragrafo-base\">Portugal<\/p>\r\n<\/td>\r\n<td class=\"Tabella-di-base\">\r\n<p class=\"Paragrafo-base\">Carcavelos<\/p>\r\n<\/td>\r\n<td class=\"Tabella-di-base\">\r\n<p class=\"Paragrafo-base\">Passeio da Rua de Italia, 25 loja D<\/p>\r\n<\/td>\r\n<td class=\"Tabella-di-base\">\r\n<p class=\"Paragrafo-base\">Seatec &#8211; Equipamentos de Comunica\u00e7\u00e3o e Navega\u00e7\u00e3o Lda.<\/p>\r\n<\/td>\r\n<td class=\"Tabella-di-base\">\r\n<p class=\"Paragrafo-base\">+351 214457210<\/p>\r\n<\/td>\r\n<\/tr>\r\n<tr class=\"Tabella-di-base\">\r\n<td class=\"Tabella-di-base\">\r\n<p class=\"Paragrafo-base\">Saudi Arabia<\/p>\r\n<\/td>\r\n<td class=\"Tabella-di-base\">\r\n<p class=\"Paragrafo-base\">Jeddah<\/p>\r\n<\/td>\r\n<td class=\"Tabella-di-base\">\r\n<p class=\"Paragrafo-base\">Al Yaqout, Aabir AlQarath Street<\/p>\r\n<\/td>\r\n<td class=\"Tabella-di-base\">\r\n<p class=\"Paragrafo-base\">Offshore Safety Equipment<\/p>\r\n<\/td>\r\n<td class=\"Tabella-di-base\">\r\n<p class=\"Paragrafo-base\">+966 122872070<\/p>\r\n<\/td>\r\n<\/tr>\r\n<\/tbody>\r\n<\/table>\r\n<\/div>\r\n<p>[\/vc_column_text][\/vc_column][\/vc_row][vc_row][vc_column][vc_column_text]<\/p>\r\n<p><\/p>\r\n<p>[\/vc_column_text][\/vc_column][\/vc_row]<\/p>","protected":false},"excerpt":{"rendered":"<p>[vc_row full_width=&#8221;stretch_row_content_no_spaces&#8221;][vc_column][vc_column_text] [\/vc_column_text][\/vc_column][\/vc_row][vc_row][vc_column][vc_empty_space][vc_column_text] Italian Official Dealers [\/vc_column_text][vc_empty_space][vc_column_text] Region District City Company E-mail Phone Liguria SV Varazze Faser Srl info@faser.biz +39 019 932705 Liguria SV Stellanello Elettronautica di Oberto Maurizio elettronauticaoberto@gmail.com +39 334 7637900 Liguria GE Lavagna Alfa Radio Srl info@alfaradio.it +39 018 532145 Liguria IM Sanremo Marine Electric SAS di Graziello Federco &amp; C. info@marineelectric.it [&hellip;]<\/p>\n","protected":false},"author":2,"featured_media":0,"parent":0,"menu_order":0,"comment_status":"closed","ping_status":"closed","template":"elementor_header_footer","meta":{"_acf_changed":false,"footnotes":""},"class_list":["post-10011","page","type-page","status-publish","hentry"],"acf":[],"yoast_head":"<!-- This site is optimized with the Yoast SEO plugin v27.5 - https:\/\/yoast.com\/product\/yoast-seo-wordpress\/ -->\n<title>Dealers - Lorenz Marine<\/title>\n<meta name=\"robots\" content=\"noindex, follow, max-snippet:-1, max-image-preview:large, max-video-preview:-1\" \/>\n<meta property=\"og:locale\" content=\"en_US\" \/>\n<meta property=\"og:type\" content=\"article\" \/>\n<meta property=\"og:title\" content=\"Dealers - Lorenz Marine\" \/>\n<meta property=\"og:description\" content=\"[vc_row full_width=&#8221;stretch_row_content_no_spaces&#8221;][vc_column][vc_column_text] [\/vc_column_text][\/vc_column][\/vc_row][vc_row][vc_column][vc_empty_space][vc_column_text] Italian Official Dealers [\/vc_column_text][vc_empty_space][vc_column_text] Region District City Company E-mail Phone Liguria SV Varazze Faser Srl info@faser.biz +39 019 932705 Liguria SV Stellanello Elettronautica di Oberto Maurizio elettronauticaoberto@gmail.com +39 334 7637900 Liguria GE Lavagna Alfa Radio Srl info@alfaradio.it +39 018 532145 Liguria IM Sanremo Marine Electric SAS di Graziello Federco &amp; C. info@marineelectric.it [&hellip;]\" \/>\n<meta property=\"og:url\" content=\"https:\/\/nuovo.lorenzmarine.com\/dealers\/\" \/>\n<meta property=\"og:site_name\" content=\"Lorenz Marine\" \/>\n<meta property=\"article:publisher\" content=\"https:\/\/www.facebook.com\/LorenzMarine\/\" \/>\n<meta property=\"article:modified_time\" content=\"2022-05-25T11:53:11+00:00\" \/>\n<meta property=\"og:image\" content=\"https:\/\/nuovo.lorenzmarine.com\/wp-content\/uploads\/2018\/10\/pin_default.png\" \/>\n<meta name=\"twitter:card\" content=\"summary_large_image\" \/>\n<meta name=\"twitter:label1\" content=\"Est. reading time\" \/>\n\t<meta name=\"twitter:data1\" content=\"3 minutes\" \/>\n<script type=\"application\/ld+json\" class=\"yoast-schema-graph\">{\"@context\":\"https:\\\/\\\/schema.org\",\"@graph\":[{\"@type\":\"WebPage\",\"@id\":\"https:\\\/\\\/nuovo.lorenzmarine.com\\\/dealers\\\/\",\"url\":\"https:\\\/\\\/nuovo.lorenzmarine.com\\\/dealers\\\/\",\"name\":\"Dealers - Lorenz Marine\",\"isPartOf\":{\"@id\":\"https:\\\/\\\/nuovo.lorenzmarine.com\\\/#website\"},\"primaryImageOfPage\":{\"@id\":\"https:\\\/\\\/nuovo.lorenzmarine.com\\\/dealers\\\/#primaryimage\"},\"image\":{\"@id\":\"https:\\\/\\\/nuovo.lorenzmarine.com\\\/dealers\\\/#primaryimage\"},\"thumbnailUrl\":\"https:\\\/\\\/nuovo.lorenzmarine.com\\\/wp-content\\\/uploads\\\/2018\\\/10\\\/pin_default.png\",\"datePublished\":\"2019-12-13T15:59:45+00:00\",\"dateModified\":\"2022-05-25T11:53:11+00:00\",\"breadcrumb\":{\"@id\":\"https:\\\/\\\/nuovo.lorenzmarine.com\\\/dealers\\\/#breadcrumb\"},\"inLanguage\":\"en-US\",\"potentialAction\":[{\"@type\":\"ReadAction\",\"target\":[\"https:\\\/\\\/nuovo.lorenzmarine.com\\\/dealers\\\/\"]}]},{\"@type\":\"ImageObject\",\"inLanguage\":\"en-US\",\"@id\":\"https:\\\/\\\/nuovo.lorenzmarine.com\\\/dealers\\\/#primaryimage\",\"url\":\"https:\\\/\\\/nuovo.lorenzmarine.com\\\/wp-content\\\/uploads\\\/2018\\\/10\\\/pin_default.png\",\"contentUrl\":\"https:\\\/\\\/nuovo.lorenzmarine.com\\\/wp-content\\\/uploads\\\/2018\\\/10\\\/pin_default.png\"},{\"@type\":\"BreadcrumbList\",\"@id\":\"https:\\\/\\\/nuovo.lorenzmarine.com\\\/dealers\\\/#breadcrumb\",\"itemListElement\":[{\"@type\":\"ListItem\",\"position\":1,\"name\":\"Home\",\"item\":\"https:\\\/\\\/nuovo.lorenzmarine.com\\\/home\\\/\"},{\"@type\":\"ListItem\",\"position\":2,\"name\":\"Dealers\"}]},{\"@type\":\"WebSite\",\"@id\":\"https:\\\/\\\/nuovo.lorenzmarine.com\\\/#website\",\"url\":\"https:\\\/\\\/nuovo.lorenzmarine.com\\\/\",\"name\":\"Lorenz Marine\",\"description\":\"Marine Electronics\",\"publisher\":{\"@id\":\"https:\\\/\\\/nuovo.lorenzmarine.com\\\/#organization\"},\"potentialAction\":[{\"@type\":\"SearchAction\",\"target\":{\"@type\":\"EntryPoint\",\"urlTemplate\":\"https:\\\/\\\/nuovo.lorenzmarine.com\\\/?s={search_term_string}\"},\"query-input\":{\"@type\":\"PropertyValueSpecification\",\"valueRequired\":true,\"valueName\":\"search_term_string\"}}],\"inLanguage\":\"en-US\"},{\"@type\":\"Organization\",\"@id\":\"https:\\\/\\\/nuovo.lorenzmarine.com\\\/#organization\",\"name\":\"Lorenz Marine\",\"url\":\"https:\\\/\\\/nuovo.lorenzmarine.com\\\/\",\"logo\":{\"@type\":\"ImageObject\",\"inLanguage\":\"en-US\",\"@id\":\"https:\\\/\\\/nuovo.lorenzmarine.com\\\/#\\\/schema\\\/logo\\\/image\\\/\",\"url\":\"https:\\\/\\\/nuovo.lorenzmarine.com\\\/wp-content\\\/uploads\\\/2018\\\/08\\\/Logo_LORENZMARINE-03.png\",\"contentUrl\":\"https:\\\/\\\/nuovo.lorenzmarine.com\\\/wp-content\\\/uploads\\\/2018\\\/08\\\/Logo_LORENZMARINE-03.png\",\"width\":435,\"height\":81,\"caption\":\"Lorenz Marine\"},\"image\":{\"@id\":\"https:\\\/\\\/nuovo.lorenzmarine.com\\\/#\\\/schema\\\/logo\\\/image\\\/\"},\"sameAs\":[\"https:\\\/\\\/www.facebook.com\\\/LorenzMarine\\\/\",\"https:\\\/\\\/www.instagram.com\\\/lorenzmarine_\\\/?hl=it\"]}]}<\/script>\n<!-- \/ Yoast SEO plugin. -->","yoast_head_json":{"title":"Dealers - Lorenz Marine","robots":{"index":"noindex","follow":"follow","max-snippet":"max-snippet:-1","max-image-preview":"max-image-preview:large","max-video-preview":"max-video-preview:-1"},"og_locale":"en_US","og_type":"article","og_title":"Dealers - Lorenz Marine","og_description":"[vc_row full_width=&#8221;stretch_row_content_no_spaces&#8221;][vc_column][vc_column_text] [\/vc_column_text][\/vc_column][\/vc_row][vc_row][vc_column][vc_empty_space][vc_column_text] Italian Official Dealers [\/vc_column_text][vc_empty_space][vc_column_text] Region District City Company E-mail Phone Liguria SV Varazze Faser Srl info@faser.biz +39 019 932705 Liguria SV Stellanello Elettronautica di Oberto Maurizio elettronauticaoberto@gmail.com +39 334 7637900 Liguria GE Lavagna Alfa Radio Srl info@alfaradio.it +39 018 532145 Liguria IM Sanremo Marine Electric SAS di Graziello Federco &amp; C. info@marineelectric.it [&hellip;]","og_url":"https:\/\/nuovo.lorenzmarine.com\/dealers\/","og_site_name":"Lorenz Marine","article_publisher":"https:\/\/www.facebook.com\/LorenzMarine\/","article_modified_time":"2022-05-25T11:53:11+00:00","og_image":[{"url":"https:\/\/nuovo.lorenzmarine.com\/wp-content\/uploads\/2018\/10\/pin_default.png","type":"","width":"","height":""}],"twitter_card":"summary_large_image","twitter_misc":{"Est. reading time":"3 minutes"},"schema":{"@context":"https:\/\/schema.org","@graph":[{"@type":"WebPage","@id":"https:\/\/nuovo.lorenzmarine.com\/dealers\/","url":"https:\/\/nuovo.lorenzmarine.com\/dealers\/","name":"Dealers - Lorenz Marine","isPartOf":{"@id":"https:\/\/nuovo.lorenzmarine.com\/#website"},"primaryImageOfPage":{"@id":"https:\/\/nuovo.lorenzmarine.com\/dealers\/#primaryimage"},"image":{"@id":"https:\/\/nuovo.lorenzmarine.com\/dealers\/#primaryimage"},"thumbnailUrl":"https:\/\/nuovo.lorenzmarine.com\/wp-content\/uploads\/2018\/10\/pin_default.png","datePublished":"2019-12-13T15:59:45+00:00","dateModified":"2022-05-25T11:53:11+00:00","breadcrumb":{"@id":"https:\/\/nuovo.lorenzmarine.com\/dealers\/#breadcrumb"},"inLanguage":"en-US","potentialAction":[{"@type":"ReadAction","target":["https:\/\/nuovo.lorenzmarine.com\/dealers\/"]}]},{"@type":"ImageObject","inLanguage":"en-US","@id":"https:\/\/nuovo.lorenzmarine.com\/dealers\/#primaryimage","url":"https:\/\/nuovo.lorenzmarine.com\/wp-content\/uploads\/2018\/10\/pin_default.png","contentUrl":"https:\/\/nuovo.lorenzmarine.com\/wp-content\/uploads\/2018\/10\/pin_default.png"},{"@type":"BreadcrumbList","@id":"https:\/\/nuovo.lorenzmarine.com\/dealers\/#breadcrumb","itemListElement":[{"@type":"ListItem","position":1,"name":"Home","item":"https:\/\/nuovo.lorenzmarine.com\/home\/"},{"@type":"ListItem","position":2,"name":"Dealers"}]},{"@type":"WebSite","@id":"https:\/\/nuovo.lorenzmarine.com\/#website","url":"https:\/\/nuovo.lorenzmarine.com\/","name":"Lorenz Marine","description":"Marine Electronics","publisher":{"@id":"https:\/\/nuovo.lorenzmarine.com\/#organization"},"potentialAction":[{"@type":"SearchAction","target":{"@type":"EntryPoint","urlTemplate":"https:\/\/nuovo.lorenzmarine.com\/?s={search_term_string}"},"query-input":{"@type":"PropertyValueSpecification","valueRequired":true,"valueName":"search_term_string"}}],"inLanguage":"en-US"},{"@type":"Organization","@id":"https:\/\/nuovo.lorenzmarine.com\/#organization","name":"Lorenz Marine","url":"https:\/\/nuovo.lorenzmarine.com\/","logo":{"@type":"ImageObject","inLanguage":"en-US","@id":"https:\/\/nuovo.lorenzmarine.com\/#\/schema\/logo\/image\/","url":"https:\/\/nuovo.lorenzmarine.com\/wp-content\/uploads\/2018\/08\/Logo_LORENZMARINE-03.png","contentUrl":"https:\/\/nuovo.lorenzmarine.com\/wp-content\/uploads\/2018\/08\/Logo_LORENZMARINE-03.png","width":435,"height":81,"caption":"Lorenz Marine"},"image":{"@id":"https:\/\/nuovo.lorenzmarine.com\/#\/schema\/logo\/image\/"},"sameAs":["https:\/\/www.facebook.com\/LorenzMarine\/","https:\/\/www.instagram.com\/lorenzmarine_\/?hl=it"]}]}},"_links":{"self":[{"href":"https:\/\/nuovo.lorenzmarine.com\/en\/wp-json\/wp\/v2\/pages\/10011","targetHints":{"allow":["GET"]}}],"collection":[{"href":"https:\/\/nuovo.lorenzmarine.com\/en\/wp-json\/wp\/v2\/pages"}],"about":[{"href":"https:\/\/nuovo.lorenzmarine.com\/en\/wp-json\/wp\/v2\/types\/page"}],"author":[{"embeddable":true,"href":"https:\/\/nuovo.lorenzmarine.com\/en\/wp-json\/wp\/v2\/users\/2"}],"replies":[{"embeddable":true,"href":"https:\/\/nuovo.lorenzmarine.com\/en\/wp-json\/wp\/v2\/comments?post=10011"}],"version-history":[{"count":12,"href":"https:\/\/nuovo.lorenzmarine.com\/en\/wp-json\/wp\/v2\/pages\/10011\/revisions"}],"predecessor-version":[{"id":14432,"href":"https:\/\/nuovo.lorenzmarine.com\/en\/wp-json\/wp\/v2\/pages\/10011\/revisions\/14432"}],"wp:attachment":[{"href":"https:\/\/nuovo.lorenzmarine.com\/en\/wp-json\/wp\/v2\/media?parent=10011"}],"curies":[{"name":"wp","href":"https:\/\/api.w.org\/{rel}","templated":true}]}}